{"id":8172,"date":"2022-11-29T09:15:30","date_gmt":"2022-11-29T08:15:30","guid":{"rendered":"https:\/\/staging.purenatural.eu\/product\/organic-saffron-red-raspberry-aceite-facial-de-dia-iluminador-e-hidratante-10ml\/"},"modified":"2024-11-16T14:56:43","modified_gmt":"2024-11-16T13:56:43","slug":"aceite-facial-hidratante-de-dia-rojo-frambuesa-organico-10ml","status":"publish","type":"product","link":"https:\/\/new.purenatural.eu\/es\/producto\/aceite-facial-hidratante-de-dia-rojo-frambuesa-organico-10ml\/","title":{"rendered":"Organic Saffron &amp; Red Raspberry &#8211; Aceite facial de d\u00eda iluminador e hidratante-10ml"},"content":{"rendered":"<p>Este aceite facial 100% ecol\u00f3gico es una mezcla de aceites portadores ricos en antioxidantes y aceites esenciales terap\u00e9uticos. Hidrata la piel en profundidad, le devuelve su luminosidad y ayuda a promover una barrera cut\u00e1nea m\u00e1s sana. &#8211; Aumenta el brillo y la elasticidad de la piel &#8211; Ayuda a reducir el impacto de los radicales libres &#8211; Estimula la piel y promueve una barrera saludable &#8211; Al ser un occulent, este aceite ayuda a atrapar la humedad en la piel<\/p>\n<span class=\"et_bloom_bottom_trigger\"><\/span>","protected":false},"excerpt":{"rendered":"<p>10 ml Este aceite facial 100% org\u00e1nico es una mezcla de aceites portadores ricos en antioxidantes y aceites esenciales terap\u00e9uticos. Hidrata la piel en profundidad, le devuelve su luminosidad y ayuda a promover una barrera cut\u00e1nea m\u00e1s sana.<\/p>\n","protected":false},"featured_media":13524,"comment_status":"open","ping_status":"closed","template":"","meta":{"_acf_changed":false,"_et_pb_use_builder":"","_et_pb_old_content":"","_et_gb_content_width":""},"product_brand":[],"product_cat":[159,135,123,131,188,168],"product_tag":[],"class_list":{"0":"post-8172","1":"product","2":"type-product","3":"status-publish","4":"has-post-thumbnail","6":"product_cat-abrillantador","7":"product_cat-antiedad","8":"product_cat-cuidado-de-la-piel","9":"product_cat-hidratantes","10":"product_cat-juicy-chemistry","11":"product_cat-sueros","12":"product_shipping_class-shipping_rate_01-es","14":"first","15":"instock","16":"featured","17":"taxable","18":"shipping-taxable","19":"purchasable","20":"product-type-simple"},"acf":[],"_links":{"self":[{"href":"https:\/\/new.purenatural.eu\/es\/wp-json\/wp\/v2\/product\/8172","targetHints":{"allow":["GET"]}}],"collection":[{"href":"https:\/\/new.purenatural.eu\/es\/wp-json\/wp\/v2\/product"}],"about":[{"href":"https:\/\/new.purenatural.eu\/es\/wp-json\/wp\/v2\/types\/product"}],"replies":[{"embeddable":true,"href":"https:\/\/new.purenatural.eu\/es\/wp-json\/wp\/v2\/comments?post=8172"}],"wp:featuredmedia":[{"embeddable":true,"href":"https:\/\/new.purenatural.eu\/es\/wp-json\/wp\/v2\/media\/13524"}],"wp:attachment":[{"href":"https:\/\/new.purenatural.eu\/es\/wp-json\/wp\/v2\/media?parent=8172"}],"wp:term":[{"taxonomy":"product_brand","embeddable":true,"href":"https:\/\/new.purenatural.eu\/es\/wp-json\/wp\/v2\/product_brand?post=8172"},{"taxonomy":"product_cat","embeddable":true,"href":"https:\/\/new.purenatural.eu\/es\/wp-json\/wp\/v2\/product_cat?post=8172"},{"taxonomy":"product_tag","embeddable":true,"href":"https:\/\/new.purenatural.eu\/es\/wp-json\/wp\/v2\/product_tag?post=8172"}],"curies":[{"name":"wp","href":"https:\/\/api.w.org\/{rel}","templated":true}]}}