{"id":8141,"date":"2022-11-29T09:24:25","date_gmt":"2022-11-29T08:24:25","guid":{"rendered":"https:\/\/staging.purenatural.eu\/product\/aceite-capilar-organico-de-hibisco-amla-y-bhringaraj-para-cabello-pre-maduro-canoso-y-danado-100-ml\/"},"modified":"2024-11-24T00:06:32","modified_gmt":"2024-11-23T23:06:32","slug":"hibiscus-amla-bhringaraj-aceite-cabello-organico-para-pelo-pre-maduro-canoso-danado-100-ml","status":"publish","type":"product","link":"https:\/\/new.purenatural.eu\/es\/producto\/hibiscus-amla-bhringaraj-aceite-cabello-organico-para-pelo-pre-maduro-canoso-danado-100-ml\/","title":{"rendered":"Aceite capilar org\u00e1nico de hibisco, amla y bhringaraj para cabello pre-maduro canoso y da\u00f1ado 100 ml"},"content":{"rendered":"<p style=\"text-align: center;\"><b>DESCUENTO <br \/>De 19,80 euros a 17 euros<\/b><\/p>\n<p>Este aceite capilar ecol\u00f3gico certificado, mezcla de 13 potentes ingredientes, acondiciona y nutre el cabello. Ayuda a prevenir el encanecimiento prematuro, mejora la textura del cabello y favorece la salud del cabello y del cuero cabelludo. &#8211; Acondiciona y nutre el cabello en profundidad &#8211; Ayuda a restaurar el color natural del cabello y previene el encanecimiento prematuro &#8211; Aumenta la circulaci\u00f3n sangu\u00ednea en el cuero cabelludo y los fol\u00edculos pilosos &#8211; Mejora la textura del cabello y ayuda a suavizarlo Flor de Hibiscus Rosa-Sinensis (Hibiscus), Fruto de Emblica Officinalis (Amla), Eclipta Alba (Bhringraj), Glycyrrhiza Glabra (Regaliz) Ra\u00edz, Bacopa Monnieri (Brahmi), Terminalia Chebula, Terminalia Bellerica Hoja, Azadirachta Indica (Neem) Hoja*, Leche de Coco*, Cocos Nucifera (Coco) Aceite*, Emblica Officinalis (Amla) Extracto de Fruta en Polvo*, Aloe Barbadensis*, Azadirachta Indica (Neem) Hoja en Polvo*, Rosa Damascena (Rosa) Flor en Polvo*.<br \/>\n*Ingredientes procedentes de la agricultura ecol\u00f3gica 52,914% del total de los ingredientes proceden de la agricultura ecol\u00f3gica 100% de origen natural del total Cosmos ecol\u00f3gico certificado por Ecocert Greenlife seg\u00fan el est\u00e1ndar cosmos.<\/p>\n<span class=\"et_bloom_bottom_trigger\"><\/span>","protected":false},"excerpt":{"rendered":"<p>100 ml Este aceite capilar ecol\u00f3gico certificado, mezcla de 13 potentes ingredientes, acondiciona y nutre el cabello. Ayuda a prevenir el encanecimiento prematuro, mejora la textura del cabello y favorece la salud del cabello y del cuero cabelludo. POR FAVOR, ASEG\u00daRESE DE CALENTAR LA BOTELLA ANTES DE USARLA. Este aceite tiende a solidificarse con el fr\u00edo. Cuando esto ocurre, la \u00fanica forma de extraerlo de la botella es calentarlo primero para que vuelva a licuarse. puedes hacerlo sumergi\u00e9ndolo en agua caliente en el fregadero durante un minuto o simplemente dej\u00e1ndolo todo el d\u00eda en la calefacci\u00f3n para que permanezca siempre en estado l\u00edquido.<\/p>\n","protected":false},"featured_media":13545,"comment_status":"open","ping_status":"closed","template":"","meta":{"_acf_changed":false,"_et_pb_use_builder":"","_et_pb_old_content":"","_et_gb_content_width":""},"product_brand":[],"product_cat":[142,144,145,127,147,116,115,247,188,150,160],"product_tag":[],"class_list":{"0":"post-8141","1":"product","2":"type-product","3":"status-publish","4":"has-post-thumbnail","6":"product_cat-aceites","7":"product_cat-caida-y-debilitamiento-del-cabello","8":"product_cat-caspa","9":"product_cat-cuidado-del-cabello","10":"product_cat-encanecimiento-prematuro","11":"product_cat-equilibrio-pitta","12":"product_cat-equilibrio-vata","13":"product_cat-impulsores-de-ventas","14":"product_cat-juicy-chemistry","15":"product_cat-los-mas-vendidos","16":"product_cat-sequedad-y-danos","17":"product_shipping_class-shipping_rate_01-es","19":"first","20":"instock","21":"sale","22":"taxable","23":"shipping-taxable","24":"purchasable","25":"product-type-simple"},"acf":[],"_links":{"self":[{"href":"https:\/\/new.purenatural.eu\/es\/wp-json\/wp\/v2\/product\/8141","targetHints":{"allow":["GET"]}}],"collection":[{"href":"https:\/\/new.purenatural.eu\/es\/wp-json\/wp\/v2\/product"}],"about":[{"href":"https:\/\/new.purenatural.eu\/es\/wp-json\/wp\/v2\/types\/product"}],"replies":[{"embeddable":true,"href":"https:\/\/new.purenatural.eu\/es\/wp-json\/wp\/v2\/comments?post=8141"}],"wp:featuredmedia":[{"embeddable":true,"href":"https:\/\/new.purenatural.eu\/es\/wp-json\/wp\/v2\/media\/13545"}],"wp:attachment":[{"href":"https:\/\/new.purenatural.eu\/es\/wp-json\/wp\/v2\/media?parent=8141"}],"wp:term":[{"taxonomy":"product_brand","embeddable":true,"href":"https:\/\/new.purenatural.eu\/es\/wp-json\/wp\/v2\/product_brand?post=8141"},{"taxonomy":"product_cat","embeddable":true,"href":"https:\/\/new.purenatural.eu\/es\/wp-json\/wp\/v2\/product_cat?post=8141"},{"taxonomy":"product_tag","embeddable":true,"href":"https:\/\/new.purenatural.eu\/es\/wp-json\/wp\/v2\/product_tag?post=8141"}],"curies":[{"name":"wp","href":"https:\/\/api.w.org\/{rel}","templated":true}]}}