{"id":8102,"date":"2022-11-29T07:48:59","date_gmt":"2022-11-29T06:48:59","guid":{"rendered":"https:\/\/staging.purenatural.eu\/product\/crema-de-dia-hidratante-ayurvedica-con-fps-15-50-gr\/"},"modified":"2024-11-16T14:56:42","modified_gmt":"2024-11-16T13:56:42","slug":"crema-hidratante-ayurvedica-de-dia-con-spf-15","status":"publish","type":"product","link":"https:\/\/new.purenatural.eu\/es\/producto\/crema-hidratante-ayurvedica-de-dia-con-spf-15\/","title":{"rendered":"Crema de D\u00eda Hidratante Ayurv\u00e9dica con FPS 15 50 gr"},"content":{"rendered":"<p>La dinast\u00eda Pallava gobern\u00f3 gran parte del sur de la India. El sol y el calor extenuantes les obligaron a crear una mezcla de ingredientes que les protegiera de los duros rayos del sol. A menudo se cubr\u00edan la cara con una mezcla hecha de la corteza del \u00e1rbol Thanaka junto con ashwagandha y aceite de semillas de moringa. La Crema de D\u00eda con FPS de Sadhev toma la mezcla milagrosa creada por la dinast\u00eda Pallava y la redise\u00f1a para adaptarla a los tiempos actuales. Es la amalgama perfecta de ingredientes arraigados en la sabidur\u00eda ayurv\u00e9dica. La piel lo absorbe f\u00e1cilmente y la protege de los rayos solares. Adem\u00e1s, potencia la hidrataci\u00f3n, favorece la producci\u00f3n de col\u00e1geno y ayuda a dar luminosidad a la piel, dej\u00e1ndola suave y flexible. La Crema de D\u00eda con SPF de Sadhev es una crema milagrosa que suaviza e hidrata la piel. Es adecuado para las personas que buscan una soluci\u00f3n ayurv\u00e9dica \u00fanica para la piel seca y la protecci\u00f3n solar. Fija y retiene la hidrataci\u00f3n de la piel y su contenido en FPS 15 ayuda a combatir los rayos solares y a prevenir los da\u00f1os causados por el sol.  <\/p>\n<h3>Beneficios<\/h3>\n<ul>\n<li>Imparte un suave resplandor<\/li>\n<li>Protege la piel de los rayos solares y preserva la piel de la pigmentaci\u00f3n<\/li>\n<li>Extremadamente ligero y no deja manchas blancas<\/li>\n<li>Alivia la sequedad y las molestias &amp; Equilibra el contenido de grasa de la piel<\/li>\n<li>Ayuda a difuminar manchas y repara los tejidos cut\u00e1neos<\/li>\n<li>Adecuado para todo tipo de pieles<\/li>\n<li>Natural y ayurv\u00e9dico<\/li>\n<\/ul>\n<span class=\"et_bloom_bottom_trigger\"><\/span>","protected":false},"excerpt":{"rendered":"<p>La Crema de D\u00eda con FPS de Sadhev toma la mezcla milagrosa creada por la dinast\u00eda Pallava y la redise\u00f1a para adaptarla a los tiempos actuales. Es la amalgama perfecta de ingredientes arraigados en la sabidur\u00eda ayurv\u00e9dica. La piel lo absorbe f\u00e1cilmente y la protege de los rayos solares. Adem\u00e1s, potencia la hidrataci\u00f3n, favorece la producci\u00f3n de col\u00e1geno y ayuda a dar luminosidad a la piel, dej\u00e1ndola suave y flexible.  &nbsp;<\/p>\n","protected":false},"featured_media":13472,"comment_status":"open","ping_status":"closed","template":"","meta":{"_acf_changed":false,"_et_pb_use_builder":"","_et_pb_old_content":"","_et_gb_content_width":""},"product_brand":[],"product_cat":[135,123,114,155,116,115,131,185,137],"product_tag":[],"class_list":{"0":"post-8102","1":"product","2":"type-product","3":"status-publish","4":"has-post-thumbnail","6":"product_cat-antiedad","7":"product_cat-cuidado-de-la-piel","8":"product_cat-cuidado-del-sol","9":"product_cat-equilibrio-kapha","10":"product_cat-equilibrio-pitta","11":"product_cat-equilibrio-vata","12":"product_cat-hidratantes","13":"product_cat-sadhev-es","14":"product_cat-sequedad","15":"product_shipping_class-shipping_rate_01-es","17":"first","18":"instock","19":"featured","20":"taxable","21":"shipping-taxable","22":"purchasable","23":"product-type-simple"},"acf":[],"_links":{"self":[{"href":"https:\/\/new.purenatural.eu\/es\/wp-json\/wp\/v2\/product\/8102","targetHints":{"allow":["GET"]}}],"collection":[{"href":"https:\/\/new.purenatural.eu\/es\/wp-json\/wp\/v2\/product"}],"about":[{"href":"https:\/\/new.purenatural.eu\/es\/wp-json\/wp\/v2\/types\/product"}],"replies":[{"embeddable":true,"href":"https:\/\/new.purenatural.eu\/es\/wp-json\/wp\/v2\/comments?post=8102"}],"wp:featuredmedia":[{"embeddable":true,"href":"https:\/\/new.purenatural.eu\/es\/wp-json\/wp\/v2\/media\/13472"}],"wp:attachment":[{"href":"https:\/\/new.purenatural.eu\/es\/wp-json\/wp\/v2\/media?parent=8102"}],"wp:term":[{"taxonomy":"product_brand","embeddable":true,"href":"https:\/\/new.purenatural.eu\/es\/wp-json\/wp\/v2\/product_brand?post=8102"},{"taxonomy":"product_cat","embeddable":true,"href":"https:\/\/new.purenatural.eu\/es\/wp-json\/wp\/v2\/product_cat?post=8102"},{"taxonomy":"product_tag","embeddable":true,"href":"https:\/\/new.purenatural.eu\/es\/wp-json\/wp\/v2\/product_tag?post=8102"}],"curies":[{"name":"wp","href":"https:\/\/api.w.org\/{rel}","templated":true}]}}