{"id":8029,"date":"2022-11-10T04:37:00","date_gmt":"2022-11-10T03:37:00","guid":{"rendered":"https:\/\/staging.purenatural.eu\/product\/aceite-corporal-de-masaje-aromatico-de-loto-y-geranio-100ml-pitta-aceite-equilibrante\/"},"modified":"2024-09-12T13:46:18","modified_gmt":"2024-09-12T11:46:18","slug":"aceite-corporal-masaje-aromatico-de-geranio-de-loto-100ml","status":"publish","type":"product","link":"https:\/\/new.purenatural.eu\/es\/producto\/aceite-corporal-masaje-aromatico-de-geranio-de-loto-100ml\/","title":{"rendered":"Aceite Corporal de Masaje Arom\u00e1tico de Loto y Geranio 100ml | PITTA aceite equilibrante"},"content":{"rendered":"<p>Este aceite corporal calmante contiene como base aceite de coco y de almendras ecol\u00f3gicos. El aceite de coco refuerza la barrera protectora de la piel, retiene la humedad y la mantiene flexible e hidratada. El aceite de almendras contiene vitamina A, tambi\u00e9n conocida como retintol. Ayuda a igualar el tono y la textura de la piel.<\/p>\n<span class=\"et_bloom_bottom_trigger\"><\/span>","protected":false},"excerpt":{"rendered":"<p>100 ml Las notas calmantes del aceite de loto, geranio y pepino de este incre\u00edble aceite corporal le ayudar\u00e1n a bloquear el estr\u00e9s y a concentrarse en su bienestar.<\/p>\n","protected":false},"featured_media":18427,"comment_status":"open","ping_status":"closed","template":"","meta":{"_acf_changed":false,"_et_pb_use_builder":"","_et_pb_old_content":"","_et_gb_content_width":""},"product_brand":[],"product_cat":[179,113,116,146],"product_tag":[],"class_list":{"0":"post-8029","1":"product","2":"type-product","3":"status-publish","4":"has-post-thumbnail","6":"product_cat-asmi-es","7":"product_cat-cuidado-corporal","8":"product_cat-equilibrio-pitta","9":"product_cat-ideas-para-regalar","10":"product_shipping_class-shipping_rate_01-es","12":"first","13":"instock","14":"taxable","15":"shipping-taxable","16":"purchasable","17":"product-type-simple"},"acf":[],"_links":{"self":[{"href":"https:\/\/new.purenatural.eu\/es\/wp-json\/wp\/v2\/product\/8029","targetHints":{"allow":["GET"]}}],"collection":[{"href":"https:\/\/new.purenatural.eu\/es\/wp-json\/wp\/v2\/product"}],"about":[{"href":"https:\/\/new.purenatural.eu\/es\/wp-json\/wp\/v2\/types\/product"}],"replies":[{"embeddable":true,"href":"https:\/\/new.purenatural.eu\/es\/wp-json\/wp\/v2\/comments?post=8029"}],"wp:featuredmedia":[{"embeddable":true,"href":"https:\/\/new.purenatural.eu\/es\/wp-json\/wp\/v2\/media\/18427"}],"wp:attachment":[{"href":"https:\/\/new.purenatural.eu\/es\/wp-json\/wp\/v2\/media?parent=8029"}],"wp:term":[{"taxonomy":"product_brand","embeddable":true,"href":"https:\/\/new.purenatural.eu\/es\/wp-json\/wp\/v2\/product_brand?post=8029"},{"taxonomy":"product_cat","embeddable":true,"href":"https:\/\/new.purenatural.eu\/es\/wp-json\/wp\/v2\/product_cat?post=8029"},{"taxonomy":"product_tag","embeddable":true,"href":"https:\/\/new.purenatural.eu\/es\/wp-json\/wp\/v2\/product_tag?post=8029"}],"curies":[{"name":"wp","href":"https:\/\/api.w.org\/{rel}","templated":true}]}}