{"id":8009,"date":"2022-10-13T03:12:36","date_gmt":"2022-10-13T01:12:36","guid":{"rendered":"https:\/\/staging.purenatural.eu\/product\/almohada-para-los-ojos-fluorescente\/"},"modified":"2024-09-12T13:45:18","modified_gmt":"2024-09-12T11:45:18","slug":"el-ojo-almohada-fluorescente","status":"publish","type":"product","link":"https:\/\/new.purenatural.eu\/es\/producto\/el-ojo-almohada-fluorescente\/","title":{"rendered":"Almohada para los ojos &#8211; Fluorescente"},"content":{"rendered":"<p>Esta almohada para los ojos, rellena de arroz para aumentar su peso y flores de lavanda calmantes para perfumar, relaja y rejuvenece el cuerpo, la mente y el esp\u00edritu.<br \/>\nCada almohada para los ojos es una pieza \u00fanica hecha de impresionantes kimonos de seda vintage tejidos a mano con motivos tradicionales japoneses como bamb\u00fa, hojas rojas de acer, flores de cerezo, olas del mar, flores ex\u00f3ticas y patrones de arroz.  \u00bfCu\u00e1l es el secreto? Ejerce una ligera presi\u00f3n sobre los globos oculares estimulando el nervio vago y activando el sistema nervioso parasimp\u00e1tico, relajando as\u00ed todo el cuerpo y la mente y llev\u00e1ndote a un espacio tranquilo, tu espacio. Ya sea para viajar, hacer yoga o simplemente para ayudarte a relajarte, es un compa\u00f1ero perfecto para tu vida diaria. <strong>Las mujeres detr\u00e1s<\/strong> Dos mujeres, Daphne y Kasia, una profesora de yoga y una estudiante, crean Infinit Kimono para compartir con el mundo lo que m\u00e1s les gusta: Uni\u00f3n, Conexi\u00f3n y Feminidad. Tras a\u00f1os en Jap\u00f3n, Daphne decidi\u00f3 enviar a \u00c1msterdam preciosos kimonos vintage hechos a mano que nunca se volver\u00edan a poner y darles una nueva vida. Junto con Kasia, los transforman en impresionantes almohadones para los ojos y otras hermosas prendas.  <\/p>\n<div data-sanitized-data-mce-fragment=\"1\">La <span data-sanitized-data-mce-fragment=\"1\">almohada ocular<\/span> se crea a partir de un Kimono o parte de \u00e9l, remodelado en un nuevo producto, un proceso sostenible y respetuoso con el medio ambiente tambi\u00e9n conocido como upcycling. <span data-sanitized-data-mce-fragment=\"1\"> <\/span> El upcycling<span data-sanitized-data-mce-fragment=\"1\">es la reutilizaci\u00f3n creativa, que tiene como resultado la creaci\u00f3n de <\/span>un producto de <span data-sanitized-data-mce-fragment=\"1\">mayor calidad, como el valor art\u00edstico o el valor medioambiental.<\/span><span data-sanitized-data-mce-fragment=\"1\"> <\/span><\/div>\n<div data-sanitized-data-mce-fragment=\"1\"><\/div>\n<p>  RECICLADO &#8211; LAVANDA ECOL\u00d3GICA &#8211; ENVASES VEGETALES &#8211; WE LOVE THE PLANET<\/p>\n<span class=\"et_bloom_bottom_trigger\"><\/span>","protected":false},"excerpt":{"rendered":"<p>250 gr El compa\u00f1ero perfecto para dormir, viajar y relajarse. La mejor noche de sue\u00f1o y relajaci\u00f3n corporal y mental est\u00e1 a s\u00f3lo una almohada de distancia.<\/p>\n","protected":false},"featured_media":13336,"comment_status":"open","ping_status":"closed","template":"","meta":{"_acf_changed":false,"_et_pb_use_builder":"","_et_pb_old_content":"","_et_gb_content_width":""},"product_brand":[],"product_cat":[149,143,115,146,148],"product_tag":[],"class_list":{"0":"post-8009","1":"product","2":"type-product","3":"status-publish","4":"has-post-thumbnail","6":"product_cat-almohada-de-ojos","7":"product_cat-cuidado-del-sueno","8":"product_cat-equilibrio-vata","9":"product_cat-ideas-para-regalar","10":"product_cat-kimono-infinit","11":"product_shipping_class-shipping_rate_01-es","13":"first","14":"instock","15":"taxable","16":"shipping-taxable","17":"purchasable","18":"product-type-simple"},"acf":[],"_links":{"self":[{"href":"https:\/\/new.purenatural.eu\/es\/wp-json\/wp\/v2\/product\/8009","targetHints":{"allow":["GET"]}}],"collection":[{"href":"https:\/\/new.purenatural.eu\/es\/wp-json\/wp\/v2\/product"}],"about":[{"href":"https:\/\/new.purenatural.eu\/es\/wp-json\/wp\/v2\/types\/product"}],"replies":[{"embeddable":true,"href":"https:\/\/new.purenatural.eu\/es\/wp-json\/wp\/v2\/comments?post=8009"}],"wp:featuredmedia":[{"embeddable":true,"href":"https:\/\/new.purenatural.eu\/es\/wp-json\/wp\/v2\/media\/13336"}],"wp:attachment":[{"href":"https:\/\/new.purenatural.eu\/es\/wp-json\/wp\/v2\/media?parent=8009"}],"wp:term":[{"taxonomy":"product_brand","embeddable":true,"href":"https:\/\/new.purenatural.eu\/es\/wp-json\/wp\/v2\/product_brand?post=8009"},{"taxonomy":"product_cat","embeddable":true,"href":"https:\/\/new.purenatural.eu\/es\/wp-json\/wp\/v2\/product_cat?post=8009"},{"taxonomy":"product_tag","embeddable":true,"href":"https:\/\/new.purenatural.eu\/es\/wp-json\/wp\/v2\/product_tag?post=8009"}],"curies":[{"name":"wp","href":"https:\/\/api.w.org\/{rel}","templated":true}]}}