{"id":15306,"date":"2022-11-10T04:09:16","date_gmt":"2022-11-10T03:09:16","guid":{"rendered":"https:\/\/staging.purenatural.eu\/product\/aceite-corporal-de-masaje-aromatico-de-naranja-y-neroli-5ml-aceite-equilibrante-kapha\/"},"modified":"2024-09-12T13:46:15","modified_gmt":"2024-09-12T11:46:15","slug":"aceite-corporal-masaje-aromatico-neroli-naranja-5ml","status":"publish","type":"product","link":"https:\/\/new.purenatural.eu\/es\/producto\/aceite-corporal-masaje-aromatico-neroli-naranja-5ml\/","title":{"rendered":"Aceite corporal de masaje arom\u00e1tico de naranja y neroli 5ml | Aceite equilibrante KAPHA"},"content":{"rendered":"<p>Este refrescante aceite de masaje contiene como base aceite de coco y de almendras ecol\u00f3gicos. El aceite de coco refuerza la barrera protectora de la piel, retiene la humedad y la mantiene flexible e hidratada. El aceite de almendras contiene vitamina A, tambi\u00e9n conocida como retintol. Ayuda a igualar el tono y la textura de la piel. Los aceites de c\u00e1scara de naranja, pomelo y neroli le aportan una sensaci\u00f3n ligera y refrescante. El aceite se envasa en una botella especial de cristal violeta que protege los ingredientes de los rayos UV y la luz solar. El embalaje exterior de papel de lino est\u00e1 hecho a mano en Italia con papel sostenible certificado.  &nbsp;<\/p>\n<span class=\"et_bloom_bottom_trigger\"><\/span>","protected":false},"excerpt":{"rendered":"<p>5 ml Los aceites de c\u00e1scara de naranja, pomelo y neroli proporcionan una sensaci\u00f3n ligera y refrescante.<\/p>\n","protected":false},"featured_media":15288,"comment_status":"open","ping_status":"closed","template":"","meta":{"_acf_changed":false,"_et_pb_use_builder":"","_et_pb_old_content":"","_et_gb_content_width":""},"product_brand":[],"product_cat":[179,113,155,139],"product_tag":[],"class_list":{"0":"post-15306","1":"product","2":"type-product","3":"status-publish","4":"has-post-thumbnail","6":"product_cat-asmi-es","7":"product_cat-cuidado-corporal","8":"product_cat-equilibrio-kapha","9":"product_cat-muestras-2","10":"product_shipping_class-shipping_rate_01-es","12":"first","13":"instock","14":"taxable","15":"shipping-taxable","16":"purchasable","17":"product-type-simple"},"acf":[],"_links":{"self":[{"href":"https:\/\/new.purenatural.eu\/es\/wp-json\/wp\/v2\/product\/15306","targetHints":{"allow":["GET"]}}],"collection":[{"href":"https:\/\/new.purenatural.eu\/es\/wp-json\/wp\/v2\/product"}],"about":[{"href":"https:\/\/new.purenatural.eu\/es\/wp-json\/wp\/v2\/types\/product"}],"replies":[{"embeddable":true,"href":"https:\/\/new.purenatural.eu\/es\/wp-json\/wp\/v2\/comments?post=15306"}],"wp:featuredmedia":[{"embeddable":true,"href":"https:\/\/new.purenatural.eu\/es\/wp-json\/wp\/v2\/media\/15288"}],"wp:attachment":[{"href":"https:\/\/new.purenatural.eu\/es\/wp-json\/wp\/v2\/media?parent=15306"}],"wp:term":[{"taxonomy":"product_brand","embeddable":true,"href":"https:\/\/new.purenatural.eu\/es\/wp-json\/wp\/v2\/product_brand?post=15306"},{"taxonomy":"product_cat","embeddable":true,"href":"https:\/\/new.purenatural.eu\/es\/wp-json\/wp\/v2\/product_cat?post=15306"},{"taxonomy":"product_tag","embeddable":true,"href":"https:\/\/new.purenatural.eu\/es\/wp-json\/wp\/v2\/product_tag?post=15306"}],"curies":[{"name":"wp","href":"https:\/\/api.w.org\/{rel}","templated":true}]}}