{"id":5623,"date":"2023-03-31T12:30:27","date_gmt":"2023-03-31T10:30:27","guid":{"rendered":"https:\/\/staging.purenatural.eu\/brigitte-pappot\/"},"modified":"2023-06-27T20:06:31","modified_gmt":"2023-06-27T18:06:31","slug":"brigitte-pappot","status":"publish","type":"page","link":"https:\/\/new.purenatural.eu\/es\/brigitte-pappot\/","title":{"rendered":"Brigitte Pappot"},"content":{"rendered":"<figure><\/figure>\n<h2>brigitte pappot<\/h2>\n<p>\t\t\t\t\t\t\t\t\t\t\t\t<img decoding=\"async\" width=\"521\" height=\"349\" src=\"https:\/\/new.purenatural.eu\/wp-content\/uploads\/2022\/08\/1_Brigitte_Pappot.png\" alt=\"\" loading=\"lazy\" srcset=\"https:\/\/new.purenatural.eu\/wp-content\/uploads\/2022\/08\/1_Brigitte_Pappot.png 521w, https:\/\/new.purenatural.eu\/wp-content\/uploads\/2022\/08\/1_Brigitte_Pappot-300x201.png 300w\" sizes=\"(max-width: 521px) 100vw, 521px\" \/>\t\t\t\t\t\t\t\t\t\t\t\t\t\t<\/p>\n<p style=\"font-weight: 400;\">A Brigitte le apasiona el Ayurveda y curar a las personas.<\/p>\n<p style=\"font-weight: 400;\">Sigui\u00f3 el curso de Practicante Ayurv\u00e9dico en la Academia de Estudios Ayurv\u00e9dicos de \u00c1msterdam (incluidos los principios m\u00e9dicos b\u00e1sicos). Su tema de pr\u00e1cticas fueron las enfermedades de la piel y la gesti\u00f3n de Vata dosha. Adem\u00e1s, tambi\u00e9n estudi\u00f3 pedicura, reflexolog\u00eda podal (con especializaci\u00f3n en diabetes y reuma), masaje deportivo, seguido de masaje del tejido conjuntivo y masaje manual de drenaje linf\u00e1tico.<\/p>\n<p style=\"font-weight: 400;\">Tiene su propia consulta en Amersfoort, <a href=\"http:\/\/www.b-atease.nl\/\">www.b-atease.nl,<\/a> donde combina el ayurveda y la pedicura m\u00e9dica e imparte consultas, tratamientos y talleres ayurv\u00e9dicos.<\/p>\n<p>Adem\u00e1s, asiste regularmente al m\u00e9dico visitante Shailesh Muli de Pune (India) con tratamientos de Pancha Karma.<\/p>\n<span class=\"et_bloom_bottom_trigger\"><\/span>","protected":false},"excerpt":{"rendered":"<p>brigitte pappot A Brigitte le apasiona el Ayurveda y curar a las personas. Sigui\u00f3 el curso de Practicante Ayurv\u00e9dico en la Academia de Estudios Ayurv\u00e9dicos de \u00c1msterdam (incluidos los principios m\u00e9dicos b\u00e1sicos). Su tema de pr\u00e1cticas fueron las enfermedades de la piel y la gesti\u00f3n de Vata dosha. Adem\u00e1s, tambi\u00e9n estudi\u00f3 pedicura, reflexolog\u00eda podal (con [&hellip;]<\/p>\n","protected":false},"author":4519,"featured_media":0,"parent":0,"menu_order":44,"comment_status":"closed","ping_status":"closed","template":"","meta":{"_acf_changed":false,"_et_pb_use_builder":"","_et_pb_old_content":"","_et_gb_content_width":"","footnotes":""},"class_list":["post-5623","page","type-page","status-publish","hentry"],"acf":[],"_links":{"self":[{"href":"https:\/\/new.purenatural.eu\/es\/wp-json\/wp\/v2\/pages\/5623","targetHints":{"allow":["GET"]}}],"collection":[{"href":"https:\/\/new.purenatural.eu\/es\/wp-json\/wp\/v2\/pages"}],"about":[{"href":"https:\/\/new.purenatural.eu\/es\/wp-json\/wp\/v2\/types\/page"}],"author":[{"embeddable":true,"href":"https:\/\/new.purenatural.eu\/es\/wp-json\/wp\/v2\/users\/4519"}],"replies":[{"embeddable":true,"href":"https:\/\/new.purenatural.eu\/es\/wp-json\/wp\/v2\/comments?post=5623"}],"version-history":[{"count":0,"href":"https:\/\/new.purenatural.eu\/es\/wp-json\/wp\/v2\/pages\/5623\/revisions"}],"wp:attachment":[{"href":"https:\/\/new.purenatural.eu\/es\/wp-json\/wp\/v2\/media?parent=5623"}],"curies":[{"name":"wp","href":"https:\/\/api.w.org\/{rel}","templated":true}]}}