{"id":5432,"date":"2022-12-12T21:38:46","date_gmt":"2022-12-12T20:38:46","guid":{"rendered":"https:\/\/staging.purenatural.eu\/exito-de-inscripcion\/"},"modified":"2023-06-27T20:06:31","modified_gmt":"2023-06-27T18:06:31","slug":"exito-de-inscripcion","status":"publish","type":"page","link":"https:\/\/new.purenatural.eu\/es\/exito-de-inscripcion\/","title":{"rendered":"\u00c9xito de inscripci\u00f3n"},"content":{"rendered":"<p><img decoding=\"async\" width=\"1000\" height=\"400\" src=\"https:\/\/new.purenatural.eu\/wp-content\/uploads\/2022\/12\/1-mainbanner.jpg\" alt=\"\" loading=\"lazy\" srcset=\"https:\/\/new.purenatural.eu\/wp-content\/uploads\/2022\/12\/1-mainbanner.jpg 1000w, https:\/\/new.purenatural.eu\/wp-content\/uploads\/2022\/12\/1-mainbanner-600x240.jpg 600w, https:\/\/new.purenatural.eu\/wp-content\/uploads\/2022\/12\/1-mainbanner-300x120.jpg 300w, https:\/\/new.purenatural.eu\/wp-content\/uploads\/2022\/12\/1-mainbanner-768x307.jpg 768w\" sizes=\"(max-width: 1000px) 100vw, 1000px\" \/>\t\t\t\t\t\t\t\t\t\t\t\t\t\t<\/p>\n<p>Hemos recibido su solicitud para convertirse en mayorista\/profesional de Purenatural.  <\/p>\n<p>Gracias por su inter\u00e9s en Purenatural. Deber\u00eda recibir un correo electr\u00f3nico con la confirmaci\u00f3n de su inscripci\u00f3n.<\/p>\n<p>En breve le enviaremos un correo electr\u00f3nico con la aprobaci\u00f3n o denegaci\u00f3n de su solicitud.<\/p>\n<\/p>\n<p>\t\t\t<a href=\"https:\/\/new.purenatural.eu\"><br \/>\n\t\t\t\t\t\tvolver a la p\u00e1gina de inicio<br \/>\n\t\t\t\t\t<\/a><\/p>\n<span class=\"et_bloom_bottom_trigger\"><\/span>","protected":false},"excerpt":{"rendered":"<p>Hemos recibido su solicitud para convertirse en mayorista\/profesional de Purenatural. Gracias por su inter\u00e9s en Purenatural. Deber\u00eda recibir un correo electr\u00f3nico con la confirmaci\u00f3n de su inscripci\u00f3n. En breve le enviaremos un correo electr\u00f3nico con la aprobaci\u00f3n o denegaci\u00f3n de su solicitud. volver a la p\u00e1gina de inicio<\/p>\n","protected":false},"author":4519,"featured_media":0,"parent":0,"menu_order":111,"comment_status":"closed","ping_status":"closed","template":"","meta":{"_acf_changed":false,"_et_pb_use_builder":"","_et_pb_old_content":"","_et_gb_content_width":"","footnotes":""},"class_list":["post-5432","page","type-page","status-publish","hentry"],"acf":[],"_links":{"self":[{"href":"https:\/\/new.purenatural.eu\/es\/wp-json\/wp\/v2\/pages\/5432","targetHints":{"allow":["GET"]}}],"collection":[{"href":"https:\/\/new.purenatural.eu\/es\/wp-json\/wp\/v2\/pages"}],"about":[{"href":"https:\/\/new.purenatural.eu\/es\/wp-json\/wp\/v2\/types\/page"}],"author":[{"embeddable":true,"href":"https:\/\/new.purenatural.eu\/es\/wp-json\/wp\/v2\/users\/4519"}],"replies":[{"embeddable":true,"href":"https:\/\/new.purenatural.eu\/es\/wp-json\/wp\/v2\/comments?post=5432"}],"version-history":[{"count":0,"href":"https:\/\/new.purenatural.eu\/es\/wp-json\/wp\/v2\/pages\/5432\/revisions"}],"wp:attachment":[{"href":"https:\/\/new.purenatural.eu\/es\/wp-json\/wp\/v2\/media?parent=5432"}],"curies":[{"name":"wp","href":"https:\/\/api.w.org\/{rel}","templated":true}]}}