{"id":5252,"date":"2022-10-27T09:25:57","date_gmt":"2022-10-27T07:25:57","guid":{"rendered":"https:\/\/staging.purenatural.eu\/nuestros-consejos-ayurvedicos-para-el-otono\/"},"modified":"2024-09-12T10:52:05","modified_gmt":"2024-09-12T08:52:05","slug":"nuestros-consejos-ayurvedicos-para-el-otono","status":"publish","type":"page","link":"https:\/\/new.purenatural.eu\/es\/nuestros-consejos-ayurvedicos-para-el-otono\/","title":{"rendered":"NUESTROS CONSEJOS AYURV\u00c9DICOS PARA EL OTO\u00d1O"},"content":{"rendered":"<h1>Ayurveda en OTO\u00d1O<\/h1>\n<p>Aunque el Ayurveda se conoce oficialmente como una ciencia m\u00e9dica, en realidad es una forma de vida, \u00a1una cultura! Ayurveda significa \u00abEL CONOCIMIENTO DE LA VIDA\u00bb y describe c\u00f3mo se puede vivir de acuerdo con las leyes de la naturaleza, de modo que se pueda tener una vida larga, sana y feliz.<\/p>\n<p>El Ayurveda se ocupa de las leyes de la naturaleza, no s\u00f3lo de nuestra propia naturaleza individual, o constituci\u00f3n b\u00e1sica, sino tambi\u00e9n de la naturaleza que nos rodea, como el clima y las estaciones.<\/p>\n<p>El Ayurveda se basa en el concepto de los tres DOSHAS: Vata, Pitta y Kapha.<\/p>\n<p>Estos tres doshas, cada uno de los cuales representa dos elementos, a saber:<\/p>\n<p style=\"text-align: center;\"><b><i>VATA: \u00c9TER + AIRE<\/i><\/b><\/p>\n<p style=\"text-align: center;\"><b><i>PITTA: AGUA + FUEGO<\/i><\/b><\/p>\n<p style=\"text-align: center;\"><b><i>KAPHA: AGUA + TIERRA<\/i><\/b><\/p>\n<p><b><i> <\/i><\/b>Cada persona est\u00e1 hecha de los tres doshas: determinan nuestro aspecto, afectan a nuestra personalidad y propensi\u00f3n a ciertas enfermedades. Cuando los doshas est\u00e1n equilibrados, se considera que una persona est\u00e1 sana. Cuando hay un exceso de uno o m\u00e1s doshas, se produce un desequilibrio y puede afectarnos de forma negativa, tanto a nivel mental como f\u00edsico.<\/p>\n<p>Los tres doshas est\u00e1n influidos por todo lo que pensamos, hacemos y comemos.<br \/>\nEl conocimiento de los tres doshas es importante para tomar las decisiones correctas en cuanto a estilo de vida y nutrici\u00f3n. <\/p>\n<p>La naturaleza est\u00e1 continuamente, por medio de las estaciones, en movimiento.<br \/>\nCada estaci\u00f3n lleva consigo sus propias caracter\u00edsticas, que afectan a nuestros doshas.<br \/>\nSe podr\u00eda decir que cada estaci\u00f3n tiene su propia constituci\u00f3n b\u00e1sica: cada estaci\u00f3n tiene un dosha diferente que desempe\u00f1a un papel central y, por lo tanto, es importante adaptar nuestros preceptos en cada estaci\u00f3n, para que estos doshas no causen un exceso de cr\u00e9dito o d\u00e9bito y alteren as\u00ed nuestro balance.  <\/p>\n<p>El oto\u00f1o es la estaci\u00f3n en la que el dosha VATA desempe\u00f1a el papel central.<br \/>\nVata es m\u00f3vil y destructivo, como la propia estaci\u00f3n oto\u00f1al.<br \/>\nVata es una combinaci\u00f3n de \u00e9ter y aire, y estos dos elementos son m\u00e1s notables en oto\u00f1o.  <\/p>\n<p>El \u00e9ter es el m\u00e1s espiritual de los cinco elementos, por lo que durante esta estaci\u00f3n puede experimentar un fuerte deseo de volverse hacia s\u00ed mismo a trav\u00e9s del yoga y la meditaci\u00f3n.<\/p>\n<p>El aire se asocia con la creatividad y el movimiento: el reto en la estaci\u00f3n oto\u00f1al es evitar demasiada movilidad, que puede causar desequilibrio mental.<br \/>\nCuando tu mente est\u00e1 en calma, puedes despejar tu energ\u00eda creativa y utilizarla a un nivel \u00f3ptimo. <\/p>\n<p>Cuando en oto\u00f1o hace m\u00e1s fr\u00edo, nuestro fuego digestivo trabaja m\u00e1s y, en consecuencia, aumenta el apetito.<br \/>\nMientras que en verano suele bastarnos con una ensalada como comida principal, en oto\u00f1o anhelamos una sopa de calabaza y verduras al vapor.<br \/>\nSe trata de un deseo natural de nuestro cuerpo, ya que quiere mantenernos con los pies en la tierra y evitar que nos desequilibremos.  <\/p>\n<p>Vata est\u00e1 relacionado con las articulaciones y el sistema nervioso.<br \/>\nS\u00edntomas como el dolor articular, el insomnio, la ansiedad y los trastornos nerviosos tambi\u00e9n pueden empeorar en oto\u00f1o.<br \/>\nSin embargo, con estos consejos puedes evitarlo y asegurarte de estar tranquilo y poder disfrutar de esta estaci\u00f3n.  <\/p>\n<p>\t\t\t<a href=\"https:\/\/new.purenatural.eu\/es\/producto\/regimen-vata\/\"><br \/>\n\t\t\t\t\t\t\t\t\tNUESTRO R\u00c9GIMEN DE OTO\u00d1O<br \/>\n\t\t\t\t\t<\/a><\/p>\n<h2>NUESTROS CONSEJOS AYURV\u00c9DICOS PARA EL OTO\u00d1O  <\/h2>\n<ul>\n<li style=\"font-weight: 400;\" aria-level=\"1\">Aporta un extra de hidrataci\u00f3n a tu piel y cabello para reparar la sequedad post-solar y protegerlo de la sequedad oto\u00f1al.<\/li>\n<li style=\"font-weight: 400;\" aria-level=\"1\">Lev\u00e1ntate temprano.<br \/>\nAprovecha la energ\u00eda espiritual que el oto\u00f1o contiene en s\u00ed mismo.<br \/>\nPor la ma\u00f1ana temprano es el mejor momento para sentir esta energ\u00eda.  <\/li>\n<li style=\"font-weight: 400;\" aria-level=\"1\">Evite los est\u00edmulos innecesarios antes de acostarse. Reduzca al m\u00ednimo el uso de la televisi\u00f3n, Internet y su iPhone. Esto hace que el sistema nervioso se inquiete.<\/li>\n<li style=\"font-weight: 400;\" aria-level=\"1\">Duerme lo suficiente.<br \/>\nAseg\u00farate de irte a la cama a tiempo para descansar lo suficiente.<br \/>\nEn oto\u00f1o necesitas dormir m\u00e1s que en verano.   Masajear el  <a href=\"https:\/\/new.purenatural.eu\/es\/producto\/nidra-sueno-profundo-aceite\/\" target=\"_blank\" rel=\"noopener\"><b>Sue\u00f1o profundo Nidra <\/b><b>aceite<\/b> <\/a>en mand\u00edbulas y sienes antes de cerrar los ojos para un sue\u00f1o reparador.<\/li>\n<li style=\"font-weight: 400;\" aria-level=\"1\">Si sufres de insomnio, \u00a1una taza de leche (de almendras) caliente con una pizca de nuez moscada antes de acostarte te ayudar\u00e1 a dormir!<\/li>\n<li style=\"font-weight: 400;\" aria-level=\"1\">Masaj\u00e9ate a diario  con aceite caliente.<br \/>\nUtilice aceites nutritivos y calentadores como   <a href=\"https:\/\/new.purenatural.eu\/es\/producto\/rejuvenating-body-treatment-sugandhadi-herbal-oil-100ml\/\"><b>Tratamiento rejuvenecedor Sugandhadi<\/b><\/a><\/li>\n<li style=\"font-weight: 400;\" aria-level=\"1\">Realiza diariamente Yoga lento y con los pies en la tierra.<br \/>\nConc\u00e9ntrate en tu respiraci\u00f3n durante las posturas y real\u00edzalas m\u00e1s despacio.<br \/>\nHaz una shavasana (postura del cad\u00e1ver) m\u00e1s larga y practica pranayama calmante, como Brahmari y Nadi Shodanam.  <\/li>\n<li style=\"font-weight: 400;\" aria-level=\"1\">Utilice fragancias et\u00e9reas relajantes como <a href=\"https:\/\/new.purenatural.eu\/es\/producto\/aceite-esencial-puro-de-lavanda\/\" target=\"_blank\" rel=\"noopener\"><b>Aceite esencial de lavanda<\/b><\/a>. Ponga unas gotas en un quemador de aceite para esparcir una fragancia maravillosa por su casa o \u00faselo como perfume natural.<\/li>\n<li style=\"font-weight: 400;\" aria-level=\"1\">C\u00e9ntrate en alimentos nutritivos, calientes y dulces como la sopa de calabaza, la manzana cocida con canela y la avena.<br \/>\nEvita los alimentos crudos como las ensaladas: \u00a1cualquier alimento crudo desequilibra Vata! <\/li>\n<li style=\"font-weight: 400;\" aria-level=\"1\">Si notas que tus movimientos intestinales son irregulares, antes de acostarte toma una cucharadita de Triphala (conocido remedio ayurv\u00e9dico a base de hierbas) con un poco de agua tibia<\/li>\n<\/ul>\n<p>\t\t\t<a href=\"https:\/\/new.purenatural.eu\/es\/producto\/regimen-vata\/\"><br \/>\n\t\t\t\t\t\t\t\t\tNUESTRO R\u00c9GIMEN DE OTO\u00d1O<br \/>\n\t\t\t\t\t<\/a><\/p>\n<span class=\"et_bloom_bottom_trigger\"><\/span>","protected":false},"excerpt":{"rendered":"<p>Ayurveda en OTO\u00d1O Aunque el Ayurveda se conoce oficialmente como una ciencia m\u00e9dica, en realidad es una forma de vida, \u00a1una cultura! Ayurveda significa \u00abEL CONOCIMIENTO DE LA VIDA\u00bb y describe c\u00f3mo se puede vivir de acuerdo con las leyes de la naturaleza, de modo que se pueda tener una vida larga, sana y feliz. [&hellip;]<\/p>\n","protected":false},"author":4519,"featured_media":0,"parent":0,"menu_order":82,"comment_status":"closed","ping_status":"closed","template":"","meta":{"_acf_changed":false,"_et_pb_use_builder":"","_et_pb_old_content":"","_et_gb_content_width":"","footnotes":""},"class_list":["post-5252","page","type-page","status-publish","hentry"],"acf":[],"_links":{"self":[{"href":"https:\/\/new.purenatural.eu\/es\/wp-json\/wp\/v2\/pages\/5252","targetHints":{"allow":["GET"]}}],"collection":[{"href":"https:\/\/new.purenatural.eu\/es\/wp-json\/wp\/v2\/pages"}],"about":[{"href":"https:\/\/new.purenatural.eu\/es\/wp-json\/wp\/v2\/types\/page"}],"author":[{"embeddable":true,"href":"https:\/\/new.purenatural.eu\/es\/wp-json\/wp\/v2\/users\/4519"}],"replies":[{"embeddable":true,"href":"https:\/\/new.purenatural.eu\/es\/wp-json\/wp\/v2\/comments?post=5252"}],"version-history":[{"count":0,"href":"https:\/\/new.purenatural.eu\/es\/wp-json\/wp\/v2\/pages\/5252\/revisions"}],"wp:attachment":[{"href":"https:\/\/new.purenatural.eu\/es\/wp-json\/wp\/v2\/media?parent=5252"}],"curies":[{"name":"wp","href":"https:\/\/api.w.org\/{rel}","templated":true}]}}