{"id":5216,"date":"2022-07-08T15:18:23","date_gmt":"2022-07-08T13:18:23","guid":{"rendered":"https:\/\/staging.purenatural.eu\/pago\/"},"modified":"2023-06-27T20:06:10","modified_gmt":"2023-06-27T18:06:10","slug":"pago","status":"publish","type":"page","link":"https:\/\/new.purenatural.eu\/es\/pago\/","title":{"rendered":"Pago"},"content":{"rendered":"<h2>Pago y precios<\/h2>\n<p>El pago debe efectuarse en el momento de realizar el pedido.<br \/>Enviaremos su pedido una vez recibido el pago.<br \/>Recibir\u00e1 la factura de su pedido autom\u00e1ticamente por correo electr\u00f3nico despu\u00e9s de realizar y pagar su pedido.<\/p>\n<p>El pago puede efectuarse mediante cualquiera de los siguientes m\u00e9todos: Visa, MasterCard, Maestro, American Express, PAYPAL e Ideal (para clientes de los Pa\u00edses Bajos).<\/p>\n<p>Para los pedidos profesionales, adem\u00e1s de los m\u00e9todos mencionados, tambi\u00e9n aceptamos el pago por transferencia bancaria. En este caso, su pedido se enviar\u00e1 en cuanto recibamos el pago o el justificante de pago. S\u00f3lo podemos mantener los pedidos profesionales EN ESPERA durante una semana, si no recibimos el pago para entonces, el sistema cancelar\u00e1 autom\u00e1ticamente el pedido.<\/p>\n<p>El pago se cargar\u00e1 y se liquidar\u00e1 en su cuenta en el momento en que se acuse recibo de su pedido. Tenga en cuenta que todos los titulares de tarjetas de cr\u00e9dito\/d\u00e9bito est\u00e1n sujetos a comprobaciones de validaci\u00f3n y autorizaci\u00f3n por parte del emisor de la tarjeta. La direcci\u00f3n del titular de la tarjeta debe coincidir con la informaci\u00f3n en poder de la autoridad emisora.<\/p>\n<p>Si el emisor de su tarjeta de pago se niega a pagar o no autoriza el pago por cualquier motivo, no seremos responsables de ning\u00fan retraso o falta de entrega de la mercanc\u00eda.<br \/>Tenga en cuenta que conservamos la propiedad legal de toda la mercanc\u00eda hasta que usted haya efectuado el pago completo y nosotros lo hayamos recibido. La propiedad legal de la mercanc\u00eda se transferir\u00e1 inmediatamente de nuevo a nosotros si reembolsamos cualquier pago por la mercanc\u00eda.<\/p>\n<p>Todos los precios al consumidor (B2C) de nuestro sitio web se indican en euros, IVA incluido. Todos los precios profesionales (B2B) se indican en euros sin IVA. No aceptamos pagos en otras divisas.<br \/>PureNatural International se reserva el derecho de modificar los precios y la disponibilidad sin previo aviso.<\/p>\n<p>De vez en cuando ofreceremos c\u00f3digos de descuento, promociones y oportunidades de regalos en nuestro bolet\u00edn, Instagram, Facebook o eventos. S\u00f3lo est\u00e1n disponibles durante las fechas indicadas y no pueden utilizarse antes ni despu\u00e9s. S\u00f3lo est\u00e1n disponibles para clientes registrados que tengan una cuenta con nosotros.<\/p>\n<span class=\"et_bloom_bottom_trigger\"><\/span>","protected":false},"excerpt":{"rendered":"<p>Pago y precios El pago debe efectuarse en el momento de realizar el pedido.Enviaremos su pedido una vez recibido el pago.Recibir\u00e1 la factura de su pedido autom\u00e1ticamente por correo electr\u00f3nico despu\u00e9s de realizar y pagar su pedido. El pago puede efectuarse mediante cualquiera de los siguientes m\u00e9todos: Visa, MasterCard, Maestro, American Express, PAYPAL e Ideal [&hellip;]<\/p>\n","protected":false},"author":4519,"featured_media":0,"parent":0,"menu_order":101,"comment_status":"closed","ping_status":"closed","template":"","meta":{"_acf_changed":false,"_et_pb_use_builder":"","_et_pb_old_content":"","_et_gb_content_width":"","footnotes":""},"class_list":["post-5216","page","type-page","status-publish","hentry"],"acf":[],"_links":{"self":[{"href":"https:\/\/new.purenatural.eu\/es\/wp-json\/wp\/v2\/pages\/5216","targetHints":{"allow":["GET"]}}],"collection":[{"href":"https:\/\/new.purenatural.eu\/es\/wp-json\/wp\/v2\/pages"}],"about":[{"href":"https:\/\/new.purenatural.eu\/es\/wp-json\/wp\/v2\/types\/page"}],"author":[{"embeddable":true,"href":"https:\/\/new.purenatural.eu\/es\/wp-json\/wp\/v2\/users\/4519"}],"replies":[{"embeddable":true,"href":"https:\/\/new.purenatural.eu\/es\/wp-json\/wp\/v2\/comments?post=5216"}],"version-history":[{"count":0,"href":"https:\/\/new.purenatural.eu\/es\/wp-json\/wp\/v2\/pages\/5216\/revisions"}],"wp:attachment":[{"href":"https:\/\/new.purenatural.eu\/es\/wp-json\/wp\/v2\/media?parent=5216"}],"curies":[{"name":"wp","href":"https:\/\/api.w.org\/{rel}","templated":true}]}}